{"id":1038,"date":"2026-02-27T13:07:20","date_gmt":"2026-02-27T12:07:20","guid":{"rendered":"https:\/\/centroagoraformacion.com\/sociosanitaria\/"},"modified":"2026-03-04T11:30:51","modified_gmt":"2026-03-04T10:30:51","slug":"sociosanitaria","status":"publish","type":"page","link":"https:\/\/centroagoraformacion.com\/en\/sociosanitaria\/","title":{"rendered":"SOCIOSANITARIA"},"content":{"rendered":"<div class=\"wp-block-cover alignfull has-parallax\" style=\"min-height:372px;aspect-ratio:unset;\"><div class=\"wp-block-cover__image-background wp-image-1031 size-full has-parallax\" style=\"background-position:50% 50%;background-image:url(https:\/\/centroagoraformacion.com\/wp-content\/uploads\/2026\/03\/que-es-atencion-sociosanitaria.jpg)\"><\/div><span aria-hidden=\"true\" class=\"wp-block-cover__background has-background-dim-40 has-background-dim\" style=\"background-color:#000000\"><\/span><div class=\"wp-block-cover__inner-container is-layout-flow wp-block-cover-is-layout-flow\"><h2 class=\"wp-block-heading alignwide has-white-color has-text-color\" style=\"font-size:48px;line-height:1.2\"><strong>SOCIOSANITARIA<\/strong><\/h2><\/div><\/div><div style=\"height:100px\" aria-hidden=\"true\" class=\"wp-block-spacer\"><\/div><div class=\"wp-block-columns alignwide is-layout-flex wp-container-core-columns-is-layout-28f84493 wp-block-columns-is-layout-flex\"><div class=\"wp-block-column is-layout-flow wp-block-column-is-layout-flow\"><hr class=\"wp-block-separator has-css-opacity is-style-wide\"\/>\n\n<h2 class=\"wp-block-heading has-yellow-darker-color has-text-color has-link-color wp-elements-09c658964c2f697daa3953e19d46867b\" id=\"1\" style=\"font-size:var(--wp--custom--typography--font-size--gigantic, clamp(2.75rem, 6vw, 3.25rem));line-height:0.5\">SSCB001PO<\/h2>\n\n<p class=\"has-large-font-size\">Nociones de animaci\u00f3n sociocultural.<\/p>\n\n<div class=\"wp-block-buttons is-layout-flex wp-block-buttons-is-layout-flex\"><div class=\"wp-block-button has-custom-width wp-block-button__width-100\"><a class=\"wp-block-button__link has-foreground-background-color has-background has-medium-font-size has-custom-font-size wp-element-button\">+info<\/a><\/div><\/div>\n\n<div style=\"height:109px\" aria-hidden=\"true\" class=\"wp-block-spacer\"><\/div><\/div>\n\n<div class=\"wp-block-column is-layout-flow wp-block-column-is-layout-flow\"><hr class=\"wp-block-separator has-css-opacity is-style-wide\"\/>\n\n<h2 class=\"wp-block-heading has-yellow-darker-color has-text-color has-link-color wp-elements-23eb35b6f7cc3c5cf9e01f665863048f\" id=\"2\" style=\"font-size:clamp(2.75rem, 6vw, 3.25rem);line-height:0.5\">SSCB0003<\/h2>\n\n<p class=\"has-large-font-size\">Estimulaci\u00f3n cognitiva a personas de la tercera edad.<\/p>\n\n<div class=\"wp-block-buttons is-layout-flex wp-block-buttons-is-layout-flex\"><div class=\"wp-block-button has-custom-width wp-block-button__width-100\"><a class=\"wp-block-button__link has-foreground-background-color has-background wp-element-button\">+info<\/a><\/div><\/div>\n\n<div style=\"height:16px\" aria-hidden=\"true\" class=\"wp-block-spacer\"><\/div><\/div>\n\n<div class=\"wp-block-column is-layout-flow wp-block-column-is-layout-flow\"><hr class=\"wp-block-separator has-css-opacity is-style-wide\"\/>\n\n<h2 class=\"wp-block-heading has-yellow-darker-color has-text-color has-link-color wp-elements-d28ac646aa145391e9774f214bb6fe0e\" id=\"3\" style=\"font-size:clamp(2.75rem, 6vw, 3.25rem);line-height:0.5\">SSCB0005<\/h2>\n\n<p class=\"has-large-font-size\">Animaci\u00f3n sociocultural y desarrollo comunitario.<\/p>\n\n<div class=\"wp-block-buttons is-layout-flex wp-block-buttons-is-layout-flex\"><div class=\"wp-block-button has-custom-width wp-block-button__width-100\"><a class=\"wp-block-button__link has-foreground-background-color has-background wp-element-button\">+info<\/a><\/div><\/div>\n\n<div style=\"height:16px\" aria-hidden=\"true\" class=\"wp-block-spacer\"><\/div><\/div><\/div><div class=\"wp-block-columns alignwide is-layout-flex wp-container-core-columns-is-layout-28f84493 wp-block-columns-is-layout-flex\"><div class=\"wp-block-column is-layout-flow wp-block-column-is-layout-flow\"><hr class=\"wp-block-separator has-css-opacity is-style-wide\"\/>\n\n<h2 class=\"wp-block-heading has-yellow-darker-color has-text-color has-link-color wp-elements-a41bf21c4d0259bd7e02a4ea3fc93e0a\" id=\"1\" style=\"font-size:var(--wp--custom--typography--font-size--gigantic, clamp(2.75rem, 6vw, 3.25rem));line-height:0.5\">SSCB0008<\/h2>\n\n<p class=\"has-large-font-size\">Entornos de ocio inclusivo.<\/p>\n\n<div class=\"wp-block-buttons is-layout-flex wp-block-buttons-is-layout-flex\"><div class=\"wp-block-button has-custom-width wp-block-button__width-100\"><a class=\"wp-block-button__link has-foreground-background-color has-background wp-element-button\">+info<\/a><\/div><\/div>\n\n<div style=\"height:16px\" aria-hidden=\"true\" class=\"wp-block-spacer\"><\/div><\/div>\n\n<div class=\"wp-block-column is-layout-flow wp-block-column-is-layout-flow\"><hr class=\"wp-block-separator has-css-opacity is-style-wide\"\/>\n\n<h2 class=\"wp-block-heading has-yellow-darker-color has-text-color has-link-color wp-elements-13e0c7ad8f20e6a8652a8e529931cda4\" id=\"2\" style=\"font-size:clamp(2.75rem, 6vw, 3.25rem);line-height:0.5\">SSCB009<\/h2>\n\n<p class=\"has-large-font-size\">Tiempo libre y discapacidad con personas menores con necesidades educativas especiales.<\/p>\n\n<div class=\"wp-block-buttons is-layout-flex wp-block-buttons-is-layout-flex\"><div class=\"wp-block-button has-custom-width wp-block-button__width-100\"><a class=\"wp-block-button__link has-foreground-background-color has-background wp-element-button\">+info<\/a><\/div><\/div>\n\n<div style=\"height:78px\" aria-hidden=\"true\" class=\"wp-block-spacer\"><\/div><\/div>\n\n<div class=\"wp-block-column is-layout-flow wp-block-column-is-layout-flow\"><hr class=\"wp-block-separator has-css-opacity is-style-wide\"\/>\n\n<h2 class=\"wp-block-heading has-yellow-darker-color has-text-color has-link-color wp-elements-d99345d3f0f73df0caf2e3a717488404\" id=\"3\" style=\"font-size:clamp(2.75rem, 6vw, 3.25rem);line-height:0.5\">SSCB0011<\/h2>\n\n<p class=\"has-large-font-size\">T\u00e9cnicas de animaci\u00f3n en grupo.<\/p>\n\n<div class=\"wp-block-buttons is-layout-flex wp-block-buttons-is-layout-flex\"><div class=\"wp-block-button has-custom-width wp-block-button__width-100\"><a class=\"wp-block-button__link has-foreground-background-color has-background wp-element-button\">+info<\/a><\/div><\/div>\n\n<div style=\"height:16px\" aria-hidden=\"true\" class=\"wp-block-spacer\"><\/div><\/div><\/div><div class=\"wp-block-columns alignwide is-layout-flex wp-container-core-columns-is-layout-28f84493 wp-block-columns-is-layout-flex\"><div class=\"wp-block-column is-layout-flow wp-block-column-is-layout-flow\"><hr class=\"wp-block-separator has-css-opacity is-style-wide\"\/>\n\n<h2 class=\"wp-block-heading has-yellow-darker-color has-text-color has-link-color wp-elements-0d94b511e3297e50e55886e020e67d24\" id=\"1\" style=\"font-size:var(--wp--custom--typography--font-size--gigantic, clamp(2.75rem, 6vw, 3.25rem));line-height:0.5\">SSCE0001<\/h2>\n\n<p class=\"has-large-font-size\">Agente de igualdad.<\/p>\n\n<div class=\"wp-block-buttons is-layout-flex wp-block-buttons-is-layout-flex\"><div class=\"wp-block-button has-custom-width wp-block-button__width-100\"><a class=\"wp-block-button__link has-foreground-background-color has-background wp-element-button\">+info<\/a><\/div><\/div>\n\n<div style=\"height:16px\" aria-hidden=\"true\" class=\"wp-block-spacer\"><\/div><\/div>\n\n<div class=\"wp-block-column is-layout-flow wp-block-column-is-layout-flow\"><hr class=\"wp-block-separator has-css-opacity is-style-wide\"\/>\n\n<h2 class=\"wp-block-heading has-yellow-darker-color has-text-color has-link-color wp-elements-41342904128902bbb2cd93b1fa723800\" id=\"2\" style=\"font-size:clamp(2.75rem, 6vw, 3.25rem);line-height:0.5\">SSCS0001<\/h2>\n\n<p class=\"has-large-font-size\">Intervenci\u00f3n y prevenci\u00f3n de la soledad en personas mayores usuarias de servicios de atenci\u00f3n sociosanitaria.<\/p>\n\n<div class=\"wp-block-buttons is-layout-flex wp-block-buttons-is-layout-flex\"><div class=\"wp-block-button has-custom-width wp-block-button__width-100\"><a class=\"wp-block-button__link has-foreground-background-color has-background has-medium-font-size has-custom-font-size wp-element-button\">+info<\/a><\/div><\/div>\n\n<div style=\"height:16px\" aria-hidden=\"true\" class=\"wp-block-spacer\"><\/div><\/div><\/div><p><\/p>","protected":false},"excerpt":{"rendered":"<p>SSCB001PO Nociones de animaci\u00f3n sociocultural. SSCB0003 Estimulaci\u00f3n cognitiva a personas de la tercera edad. SSCB0005 Animaci\u00f3n sociocultural y desarrollo comunitario. SSCB0008 Entornos de ocio inclusivo. SSCB009 Tiempo libre y discapacidad con personas menores con necesidades educativas especiales. SSCB0011 T\u00e9cnicas de animaci\u00f3n en grupo. SSCE0001 Agente de igualdad. SSCS0001 Intervenci\u00f3n y prevenci\u00f3n de la soledad en [&hellip;]<\/p>\n","protected":false},"author":4,"featured_media":0,"parent":0,"menu_order":0,"comment_status":"closed","ping_status":"closed","template":"","meta":{"footnotes":""},"class_list":["post-1038","page","type-page","status-publish","hentry"],"acf":[],"yoast_head":"<!-- This site is optimized with the Yoast SEO plugin v21.3 - https:\/\/yoast.com\/wordpress\/plugins\/seo\/ -->\n<title>SOCIOSANITARIA - \u00c1GORA FORMACI\u00d3N<\/title>\n<meta name=\"robots\" content=\"index, follow, max-snippet:-1, max-image-preview:large, max-video-preview:-1\" \/>\n<link rel=\"canonical\" href=\"https:\/\/centroagoraformacion.com\/en\/sociosanitaria\/\" \/>\n<meta property=\"og:locale\" content=\"en_US\" \/>\n<meta property=\"og:type\" content=\"article\" \/>\n<meta property=\"og:title\" content=\"SOCIOSANITARIA - \u00c1GORA FORMACI\u00d3N\" \/>\n<meta property=\"og:description\" content=\"SSCB001PO Nociones de animaci\u00f3n sociocultural. SSCB0003 Estimulaci\u00f3n cognitiva a personas de la tercera edad. SSCB0005 Animaci\u00f3n sociocultural y desarrollo comunitario. SSCB0008 Entornos de ocio inclusivo. SSCB009 Tiempo libre y discapacidad con personas menores con necesidades educativas especiales. SSCB0011 T\u00e9cnicas de animaci\u00f3n en grupo. SSCE0001 Agente de igualdad. SSCS0001 Intervenci\u00f3n y prevenci\u00f3n de la soledad en [&hellip;]\" \/>\n<meta property=\"og:url\" content=\"https:\/\/centroagoraformacion.com\/en\/sociosanitaria\/\" \/>\n<meta property=\"og:site_name\" content=\"\u00c1GORA FORMACI\u00d3N\" \/>\n<meta property=\"article:modified_time\" content=\"2026-03-04T10:30:51+00:00\" \/>\n<meta name=\"twitter:card\" content=\"summary_large_image\" \/>\n<script type=\"application\/ld+json\" class=\"yoast-schema-graph\">{\"@context\":\"https:\/\/schema.org\",\"@graph\":[{\"@type\":\"WebPage\",\"@id\":\"https:\/\/centroagoraformacion.com\/en\/sociosanitaria\/\",\"url\":\"https:\/\/centroagoraformacion.com\/en\/sociosanitaria\/\",\"name\":\"SOCIOSANITARIA - \u00c1GORA FORMACI\u00d3N\",\"isPartOf\":{\"@id\":\"https:\/\/centroagoraformacion.com\/#website\"},\"datePublished\":\"2026-02-27T12:07:20+00:00\",\"dateModified\":\"2026-03-04T10:30:51+00:00\",\"breadcrumb\":{\"@id\":\"https:\/\/centroagoraformacion.com\/en\/sociosanitaria\/#breadcrumb\"},\"inLanguage\":\"en-US\",\"potentialAction\":[{\"@type\":\"ReadAction\",\"target\":[\"https:\/\/centroagoraformacion.com\/en\/sociosanitaria\/\"]}]},{\"@type\":\"BreadcrumbList\",\"@id\":\"https:\/\/centroagoraformacion.com\/en\/sociosanitaria\/#breadcrumb\",\"itemListElement\":[{\"@type\":\"ListItem\",\"position\":1,\"name\":\"Portada\",\"item\":\"https:\/\/centroagoraformacion.com\/en\/inicio\/\"},{\"@type\":\"ListItem\",\"position\":2,\"name\":\"SOCIOSANITARIA\"}]},{\"@type\":\"WebSite\",\"@id\":\"https:\/\/centroagoraformacion.com\/#website\",\"url\":\"https:\/\/centroagoraformacion.com\/\",\"name\":\"\u00c1GORA FORMACI\u00d3N\",\"description\":\"\",\"publisher\":{\"@id\":\"https:\/\/centroagoraformacion.com\/#organization\"},\"potentialAction\":[{\"@type\":\"SearchAction\",\"target\":{\"@type\":\"EntryPoint\",\"urlTemplate\":\"https:\/\/centroagoraformacion.com\/?s={search_term_string}\"},\"query-input\":\"required name=search_term_string\"}],\"inLanguage\":\"en-US\"},{\"@type\":\"Organization\",\"@id\":\"https:\/\/centroagoraformacion.com\/#organization\",\"name\":\"\u00c1GORA FORMACI\u00d3N\",\"url\":\"https:\/\/centroagoraformacion.com\/\",\"logo\":{\"@type\":\"ImageObject\",\"inLanguage\":\"en-US\",\"@id\":\"https:\/\/centroagoraformacion.com\/#\/schema\/logo\/image\/\",\"url\":\"https:\/\/centroagoraformacion.com\/wp-content\/uploads\/2023\/09\/logo.png\",\"contentUrl\":\"https:\/\/centroagoraformacion.com\/wp-content\/uploads\/2023\/09\/logo.png\",\"width\":209,\"height\":73,\"caption\":\"\u00c1GORA FORMACI\u00d3N\"},\"image\":{\"@id\":\"https:\/\/centroagoraformacion.com\/#\/schema\/logo\/image\/\"}}]}<\/script>\n<!-- \/ Yoast SEO plugin. -->","yoast_head_json":{"title":"SOCIOSANITARIA - \u00c1GORA FORMACI\u00d3N","robots":{"index":"index","follow":"follow","max-snippet":"max-snippet:-1","max-image-preview":"max-image-preview:large","max-video-preview":"max-video-preview:-1"},"canonical":"https:\/\/centroagoraformacion.com\/en\/sociosanitaria\/","og_locale":"en_US","og_type":"article","og_title":"SOCIOSANITARIA - \u00c1GORA FORMACI\u00d3N","og_description":"SSCB001PO Nociones de animaci\u00f3n sociocultural. SSCB0003 Estimulaci\u00f3n cognitiva a personas de la tercera edad. SSCB0005 Animaci\u00f3n sociocultural y desarrollo comunitario. SSCB0008 Entornos de ocio inclusivo. SSCB009 Tiempo libre y discapacidad con personas menores con necesidades educativas especiales. SSCB0011 T\u00e9cnicas de animaci\u00f3n en grupo. SSCE0001 Agente de igualdad. SSCS0001 Intervenci\u00f3n y prevenci\u00f3n de la soledad en [&hellip;]","og_url":"https:\/\/centroagoraformacion.com\/en\/sociosanitaria\/","og_site_name":"\u00c1GORA FORMACI\u00d3N","article_modified_time":"2026-03-04T10:30:51+00:00","twitter_card":"summary_large_image","schema":{"@context":"https:\/\/schema.org","@graph":[{"@type":"WebPage","@id":"https:\/\/centroagoraformacion.com\/en\/sociosanitaria\/","url":"https:\/\/centroagoraformacion.com\/en\/sociosanitaria\/","name":"SOCIOSANITARIA - \u00c1GORA FORMACI\u00d3N","isPartOf":{"@id":"https:\/\/centroagoraformacion.com\/#website"},"datePublished":"2026-02-27T12:07:20+00:00","dateModified":"2026-03-04T10:30:51+00:00","breadcrumb":{"@id":"https:\/\/centroagoraformacion.com\/en\/sociosanitaria\/#breadcrumb"},"inLanguage":"en-US","potentialAction":[{"@type":"ReadAction","target":["https:\/\/centroagoraformacion.com\/en\/sociosanitaria\/"]}]},{"@type":"BreadcrumbList","@id":"https:\/\/centroagoraformacion.com\/en\/sociosanitaria\/#breadcrumb","itemListElement":[{"@type":"ListItem","position":1,"name":"Portada","item":"https:\/\/centroagoraformacion.com\/en\/inicio\/"},{"@type":"ListItem","position":2,"name":"SOCIOSANITARIA"}]},{"@type":"WebSite","@id":"https:\/\/centroagoraformacion.com\/#website","url":"https:\/\/centroagoraformacion.com\/","name":"\u00c1GORA FORMACI\u00d3N","description":"","publisher":{"@id":"https:\/\/centroagoraformacion.com\/#organization"},"potentialAction":[{"@type":"SearchAction","target":{"@type":"EntryPoint","urlTemplate":"https:\/\/centroagoraformacion.com\/?s={search_term_string}"},"query-input":"required name=search_term_string"}],"inLanguage":"en-US"},{"@type":"Organization","@id":"https:\/\/centroagoraformacion.com\/#organization","name":"\u00c1GORA FORMACI\u00d3N","url":"https:\/\/centroagoraformacion.com\/","logo":{"@type":"ImageObject","inLanguage":"en-US","@id":"https:\/\/centroagoraformacion.com\/#\/schema\/logo\/image\/","url":"https:\/\/centroagoraformacion.com\/wp-content\/uploads\/2023\/09\/logo.png","contentUrl":"https:\/\/centroagoraformacion.com\/wp-content\/uploads\/2023\/09\/logo.png","width":209,"height":73,"caption":"\u00c1GORA FORMACI\u00d3N"},"image":{"@id":"https:\/\/centroagoraformacion.com\/#\/schema\/logo\/image\/"}}]}},"_links":{"self":[{"href":"https:\/\/centroagoraformacion.com\/en\/wp-json\/wp\/v2\/pages\/1038","targetHints":{"allow":["GET"]}}],"collection":[{"href":"https:\/\/centroagoraformacion.com\/en\/wp-json\/wp\/v2\/pages"}],"about":[{"href":"https:\/\/centroagoraformacion.com\/en\/wp-json\/wp\/v2\/types\/page"}],"author":[{"embeddable":true,"href":"https:\/\/centroagoraformacion.com\/en\/wp-json\/wp\/v2\/users\/4"}],"replies":[{"embeddable":true,"href":"https:\/\/centroagoraformacion.com\/en\/wp-json\/wp\/v2\/comments?post=1038"}],"version-history":[{"count":1,"href":"https:\/\/centroagoraformacion.com\/en\/wp-json\/wp\/v2\/pages\/1038\/revisions"}],"predecessor-version":[{"id":1039,"href":"https:\/\/centroagoraformacion.com\/en\/wp-json\/wp\/v2\/pages\/1038\/revisions\/1039"}],"wp:attachment":[{"href":"https:\/\/centroagoraformacion.com\/en\/wp-json\/wp\/v2\/media?parent=1038"}],"curies":[{"name":"wp","href":"https:\/\/api.w.org\/{rel}","templated":true}]}}