{"id":877,"date":"2023-09-30T11:19:19","date_gmt":"2023-09-30T09:19:19","guid":{"rendered":"https:\/\/centroagoraformacion.com\/el-centro\/"},"modified":"2024-11-11T10:36:53","modified_gmt":"2024-11-11T09:36:53","slug":"el-centro","status":"publish","type":"page","link":"https:\/\/centroagoraformacion.com\/en\/el-centro\/","title":{"rendered":"El Centro"},"content":{"rendered":"<div class=\"wp-block-cover alignfull rbc-is-hidden-on-tablet  rbc-is-hidden-on-mobile\" style=\"min-height:600px;aspect-ratio:unset;\"><span aria-hidden=\"true\" class=\"wp-block-cover__background has-background-dim-0 has-background-dim\"><\/span><img fetchpriority=\"high\" decoding=\"async\" width=\"1920\" height=\"606\" class=\"wp-block-cover__image-background wp-image-232\" alt=\"\" src=\"https:\/\/centroagoraformacion.com\/wp-content\/uploads\/2023\/09\/centro.png\" data-object-fit=\"cover\" srcset=\"https:\/\/centroagoraformacion.com\/wp-content\/uploads\/2023\/09\/centro.png 1920w, https:\/\/centroagoraformacion.com\/wp-content\/uploads\/2023\/09\/centro-300x95.png 300w, https:\/\/centroagoraformacion.com\/wp-content\/uploads\/2023\/09\/centro-1024x323.png 1024w, https:\/\/centroagoraformacion.com\/wp-content\/uploads\/2023\/09\/centro-768x242.png 768w, https:\/\/centroagoraformacion.com\/wp-content\/uploads\/2023\/09\/centro-1600x505.png 1600w, https:\/\/centroagoraformacion.com\/wp-content\/uploads\/2023\/09\/centro-1536x485.png 1536w, https:\/\/centroagoraformacion.com\/wp-content\/uploads\/2023\/09\/centro-1708x539.png 1708w\" sizes=\"(max-width: 1920px) 100vw, 1920px\" \/><div class=\"wp-block-cover__inner-container is-layout-constrained wp-block-cover-is-layout-constrained\"><p class=\"has-text-align-center has-large-font-size\"><\/p><\/div><\/div><div class=\"wp-block-cover alignfull rbc-is-hidden-on-wide  rbc-is-hidden-on-desktop\" style=\"min-height:300px;aspect-ratio:unset;\"><span aria-hidden=\"true\" class=\"wp-block-cover__background has-background-dim-0 has-background-dim\"><\/span><img fetchpriority=\"high\" decoding=\"async\" width=\"1920\" height=\"606\" class=\"wp-block-cover__image-background wp-image-232\" alt=\"\" src=\"https:\/\/centroagoraformacion.com\/wp-content\/uploads\/2023\/09\/centro.png\" data-object-fit=\"cover\" srcset=\"https:\/\/centroagoraformacion.com\/wp-content\/uploads\/2023\/09\/centro.png 1920w, https:\/\/centroagoraformacion.com\/wp-content\/uploads\/2023\/09\/centro-300x95.png 300w, https:\/\/centroagoraformacion.com\/wp-content\/uploads\/2023\/09\/centro-1024x323.png 1024w, https:\/\/centroagoraformacion.com\/wp-content\/uploads\/2023\/09\/centro-768x242.png 768w, https:\/\/centroagoraformacion.com\/wp-content\/uploads\/2023\/09\/centro-1600x505.png 1600w, https:\/\/centroagoraformacion.com\/wp-content\/uploads\/2023\/09\/centro-1536x485.png 1536w, https:\/\/centroagoraformacion.com\/wp-content\/uploads\/2023\/09\/centro-1708x539.png 1708w\" sizes=\"(max-width: 1920px) 100vw, 1920px\" \/><div class=\"wp-block-cover__inner-container is-layout-constrained wp-block-cover-is-layout-constrained\"><p class=\"has-text-align-center has-large-font-size\"><\/p><\/div><\/div><div class=\"wp-block-group is-content-justification-center is-nowrap is-layout-flex wp-container-core-group-is-layout-625283fd wp-block-group-is-layout-flex\" style=\"margin-top:var(--wp--preset--spacing--70);margin-bottom:var(--wp--preset--spacing--80)\"><figure class=\"wp-block-image size-full\"><img decoding=\"async\" width=\"247\" height=\"256\" src=\"https:\/\/centroagoraformacion.com\/wp-content\/uploads\/2023\/10\/centro-formacion-agora-guadix-directora.png\" alt=\"\" class=\"wp-image-844\"\/><\/figure>\n\n<figure class=\"wp-block-image size-full\"><img decoding=\"async\" width=\"247\" height=\"256\" src=\"https:\/\/centroagoraformacion.com\/wp-content\/uploads\/2023\/10\/centro-formacion-agora-guadix-docente.png\" alt=\"\" class=\"wp-image-846\"\/><\/figure><\/div><h4 class=\"wp-block-heading alignwide has-yellow-darker-color has-text-color\" style=\"font-size:24px;font-style:normal;font-weight:700\">Historia de una Idea\u2026<\/h4><div class=\"wp-block-columns alignwide is-layout-flex wp-container-core-columns-is-layout-47c5d72a wp-block-columns-is-layout-flex\" style=\"margin-bottom:var(--wp--preset--spacing--80)\"><div class=\"wp-block-column is-layout-flow wp-block-column-is-layout-flow\"><p class=\"has-gray-light-color has-text-color\">Consideramos la formaci\u00f3n una de las claves preferentes para el desarrollo de nuestras capacidades. Un ser humano debe ser todo aquello que pueda ser, pero para poder serlo necesita instrucciones, base cultural y un compromiso de formaci\u00f3n constante. Somos seres en constante evoluci\u00f3n.  <\/p><\/div>\n\n<div class=\"wp-block-column is-layout-flow wp-block-column-is-layout-flow\"><p class=\"has-gray-light-color has-text-color\">Empezamos impartiendo clases a domicilio, siempre hemos considerado importante tejer contenido de calidad para afrontar los retos del presente, dejando unos buenos pilares para el porvenir.<br\/>A d\u00eda de hoy trabajamos con docentes de todas las \u00e1reas formativas, si bien nuestra especialidad es la formaci\u00f3n profesional.<\/p><\/div>\n\n<div class=\"wp-block-column is-layout-flow wp-block-column-is-layout-flow\"><p class=\"has-gray-light-color has-text-color\">Nuestras instalaciones para asistir a clases presenciales est\u00e1n en el Centro de Guadix, pero tambi\u00e9n pod\u00e9is hacer vuestra formaci\u00f3n en nuestra aula virtual.<\/p><\/div><\/div><figure class=\"wp-block-gallery alignwide has-nested-images columns-default is-cropped wp-block-gallery-1 is-layout-flex wp-block-gallery-is-layout-flex\" style=\"margin-bottom:var(--wp--preset--spacing--70)\"><figure class=\"wp-block-image size-large\"><img loading=\"lazy\" decoding=\"async\" width=\"352\" height=\"262\" data-id=\"235\" src=\"https:\/\/centroagoraformacion.com\/wp-content\/uploads\/2023\/09\/centro-1.png\" alt=\"\" class=\"wp-image-235\" srcset=\"https:\/\/centroagoraformacion.com\/wp-content\/uploads\/2023\/09\/centro-1.png 352w, https:\/\/centroagoraformacion.com\/wp-content\/uploads\/2023\/09\/centro-1-300x223.png 300w\" sizes=\"(max-width: 352px) 100vw, 352px\" \/><\/figure>\n\n<figure class=\"wp-block-image size-large\"><img loading=\"lazy\" decoding=\"async\" width=\"350\" height=\"263\" data-id=\"236\" src=\"https:\/\/centroagoraformacion.com\/wp-content\/uploads\/2023\/09\/centro-2.png\" alt=\"\" class=\"wp-image-236\" srcset=\"https:\/\/centroagoraformacion.com\/wp-content\/uploads\/2023\/09\/centro-2.png 350w, https:\/\/centroagoraformacion.com\/wp-content\/uploads\/2023\/09\/centro-2-300x225.png 300w\" sizes=\"(max-width: 350px) 100vw, 350px\" \/><\/figure>\n\n<figure class=\"wp-block-image size-large\"><img loading=\"lazy\" decoding=\"async\" width=\"352\" height=\"263\" data-id=\"237\" src=\"https:\/\/centroagoraformacion.com\/wp-content\/uploads\/2023\/09\/centro-3.png\" alt=\"\" class=\"wp-image-237\" srcset=\"https:\/\/centroagoraformacion.com\/wp-content\/uploads\/2023\/09\/centro-3.png 352w, https:\/\/centroagoraformacion.com\/wp-content\/uploads\/2023\/09\/centro-3-300x224.png 300w\" sizes=\"(max-width: 352px) 100vw, 352px\" \/><\/figure>\n\n<figure class=\"wp-block-image size-large\"><img loading=\"lazy\" decoding=\"async\" width=\"352\" height=\"264\" data-id=\"238\" src=\"https:\/\/centroagoraformacion.com\/wp-content\/uploads\/2023\/09\/centro-4.png\" alt=\"\" class=\"wp-image-238\" srcset=\"https:\/\/centroagoraformacion.com\/wp-content\/uploads\/2023\/09\/centro-4.png 352w, https:\/\/centroagoraformacion.com\/wp-content\/uploads\/2023\/09\/centro-4-300x225.png 300w\" sizes=\"(max-width: 352px) 100vw, 352px\" \/><\/figure>\n\n<figure class=\"wp-block-image size-large\"><img loading=\"lazy\" decoding=\"async\" width=\"350\" height=\"264\" data-id=\"239\" src=\"https:\/\/centroagoraformacion.com\/wp-content\/uploads\/2023\/09\/centro-5.png\" alt=\"\" class=\"wp-image-239\" srcset=\"https:\/\/centroagoraformacion.com\/wp-content\/uploads\/2023\/09\/centro-5.png 350w, https:\/\/centroagoraformacion.com\/wp-content\/uploads\/2023\/09\/centro-5-300x226.png 300w\" sizes=\"(max-width: 350px) 100vw, 350px\" \/><\/figure>\n\n<figure class=\"wp-block-image size-large\"><img loading=\"lazy\" decoding=\"async\" width=\"352\" height=\"264\" data-id=\"240\" src=\"https:\/\/centroagoraformacion.com\/wp-content\/uploads\/2023\/09\/centro-6.png\" alt=\"\" class=\"wp-image-240\" srcset=\"https:\/\/centroagoraformacion.com\/wp-content\/uploads\/2023\/09\/centro-6.png 352w, https:\/\/centroagoraformacion.com\/wp-content\/uploads\/2023\/09\/centro-6-300x225.png 300w\" sizes=\"(max-width: 352px) 100vw, 352px\" \/><\/figure><\/figure>","protected":false},"excerpt":{"rendered":"<p>Historia de una Idea\u2026 Consideramos la formaci\u00f3n una de las claves preferentes para el desarrollo de nuestras capacidades. Un ser humano debe ser todo aquello que pueda ser, pero para poder serlo necesita instrucciones, base cultural y un compromiso de formaci\u00f3n constante. Somos seres en constante evoluci\u00f3n. Empezamos impartiendo clases a domicilio, siempre hemos considerado [&hellip;]<\/p>\n","protected":false},"author":1,"featured_media":0,"parent":0,"menu_order":0,"comment_status":"closed","ping_status":"closed","template":"wp-custom-template-paginas-slider-o-imagen-cabecera","meta":{"footnotes":""},"class_list":["post-877","page","type-page","status-publish","hentry"],"acf":[],"yoast_head":"<!-- This site is optimized with the Yoast SEO plugin v21.3 - https:\/\/yoast.com\/wordpress\/plugins\/seo\/ -->\n<title>El Centro - \u00c1GORA FORMACI\u00d3N<\/title>\n<meta name=\"robots\" content=\"index, follow, max-snippet:-1, max-image-preview:large, max-video-preview:-1\" \/>\n<link rel=\"canonical\" href=\"https:\/\/centroagoraformacion.com\/en\/el-centro\/\" \/>\n<meta property=\"og:locale\" content=\"en_US\" \/>\n<meta property=\"og:type\" content=\"article\" \/>\n<meta property=\"og:title\" content=\"El Centro - \u00c1GORA FORMACI\u00d3N\" \/>\n<meta property=\"og:description\" content=\"Historia de una Idea\u2026 Consideramos la formaci\u00f3n una de las claves preferentes para el desarrollo de nuestras capacidades. Un ser humano debe ser todo aquello que pueda ser, pero para poder serlo necesita instrucciones, base cultural y un compromiso de formaci\u00f3n constante. Somos seres en constante evoluci\u00f3n. Empezamos impartiendo clases a domicilio, siempre hemos considerado [&hellip;]\" \/>\n<meta property=\"og:url\" content=\"https:\/\/centroagoraformacion.com\/en\/el-centro\/\" \/>\n<meta property=\"og:site_name\" content=\"\u00c1GORA FORMACI\u00d3N\" \/>\n<meta property=\"article:modified_time\" content=\"2024-11-11T09:36:53+00:00\" \/>\n<meta property=\"og:image\" content=\"https:\/\/centroagoraformacion.com\/wp-content\/uploads\/2023\/09\/centro.png\" \/>\n<meta name=\"twitter:card\" content=\"summary_large_image\" \/>\n<meta name=\"twitter:label1\" content=\"Est. reading time\" \/>\n\t<meta name=\"twitter:data1\" content=\"1 minute\" \/>\n<script type=\"application\/ld+json\" class=\"yoast-schema-graph\">{\"@context\":\"https:\/\/schema.org\",\"@graph\":[{\"@type\":\"WebPage\",\"@id\":\"https:\/\/centroagoraformacion.com\/en\/el-centro\/\",\"url\":\"https:\/\/centroagoraformacion.com\/en\/el-centro\/\",\"name\":\"El Centro - \u00c1GORA FORMACI\u00d3N\",\"isPartOf\":{\"@id\":\"https:\/\/centroagoraformacion.com\/#website\"},\"datePublished\":\"2023-09-30T09:19:19+00:00\",\"dateModified\":\"2024-11-11T09:36:53+00:00\",\"breadcrumb\":{\"@id\":\"https:\/\/centroagoraformacion.com\/en\/el-centro\/#breadcrumb\"},\"inLanguage\":\"en-US\",\"potentialAction\":[{\"@type\":\"ReadAction\",\"target\":[\"https:\/\/centroagoraformacion.com\/en\/el-centro\/\"]}]},{\"@type\":\"BreadcrumbList\",\"@id\":\"https:\/\/centroagoraformacion.com\/en\/el-centro\/#breadcrumb\",\"itemListElement\":[{\"@type\":\"ListItem\",\"position\":1,\"name\":\"Portada\",\"item\":\"https:\/\/centroagoraformacion.com\/en\/inicio\/\"},{\"@type\":\"ListItem\",\"position\":2,\"name\":\"El Centro\"}]},{\"@type\":\"WebSite\",\"@id\":\"https:\/\/centroagoraformacion.com\/#website\",\"url\":\"https:\/\/centroagoraformacion.com\/\",\"name\":\"\u00c1GORA FORMACI\u00d3N\",\"description\":\"\",\"publisher\":{\"@id\":\"https:\/\/centroagoraformacion.com\/#organization\"},\"potentialAction\":[{\"@type\":\"SearchAction\",\"target\":{\"@type\":\"EntryPoint\",\"urlTemplate\":\"https:\/\/centroagoraformacion.com\/?s={search_term_string}\"},\"query-input\":\"required name=search_term_string\"}],\"inLanguage\":\"en-US\"},{\"@type\":\"Organization\",\"@id\":\"https:\/\/centroagoraformacion.com\/#organization\",\"name\":\"\u00c1GORA FORMACI\u00d3N\",\"url\":\"https:\/\/centroagoraformacion.com\/\",\"logo\":{\"@type\":\"ImageObject\",\"inLanguage\":\"en-US\",\"@id\":\"https:\/\/centroagoraformacion.com\/#\/schema\/logo\/image\/\",\"url\":\"https:\/\/centroagoraformacion.com\/wp-content\/uploads\/2023\/09\/logo.png\",\"contentUrl\":\"https:\/\/centroagoraformacion.com\/wp-content\/uploads\/2023\/09\/logo.png\",\"width\":209,\"height\":73,\"caption\":\"\u00c1GORA FORMACI\u00d3N\"},\"image\":{\"@id\":\"https:\/\/centroagoraformacion.com\/#\/schema\/logo\/image\/\"}}]}<\/script>\n<!-- \/ Yoast SEO plugin. -->","yoast_head_json":{"title":"El Centro - \u00c1GORA FORMACI\u00d3N","robots":{"index":"index","follow":"follow","max-snippet":"max-snippet:-1","max-image-preview":"max-image-preview:large","max-video-preview":"max-video-preview:-1"},"canonical":"https:\/\/centroagoraformacion.com\/en\/el-centro\/","og_locale":"en_US","og_type":"article","og_title":"El Centro - \u00c1GORA FORMACI\u00d3N","og_description":"Historia de una Idea\u2026 Consideramos la formaci\u00f3n una de las claves preferentes para el desarrollo de nuestras capacidades. Un ser humano debe ser todo aquello que pueda ser, pero para poder serlo necesita instrucciones, base cultural y un compromiso de formaci\u00f3n constante. Somos seres en constante evoluci\u00f3n. Empezamos impartiendo clases a domicilio, siempre hemos considerado [&hellip;]","og_url":"https:\/\/centroagoraformacion.com\/en\/el-centro\/","og_site_name":"\u00c1GORA FORMACI\u00d3N","article_modified_time":"2024-11-11T09:36:53+00:00","og_image":[{"url":"https:\/\/centroagoraformacion.com\/wp-content\/uploads\/2023\/09\/centro.png"}],"twitter_card":"summary_large_image","twitter_misc":{"Est. reading time":"1 minute"},"schema":{"@context":"https:\/\/schema.org","@graph":[{"@type":"WebPage","@id":"https:\/\/centroagoraformacion.com\/en\/el-centro\/","url":"https:\/\/centroagoraformacion.com\/en\/el-centro\/","name":"El Centro - \u00c1GORA FORMACI\u00d3N","isPartOf":{"@id":"https:\/\/centroagoraformacion.com\/#website"},"datePublished":"2023-09-30T09:19:19+00:00","dateModified":"2024-11-11T09:36:53+00:00","breadcrumb":{"@id":"https:\/\/centroagoraformacion.com\/en\/el-centro\/#breadcrumb"},"inLanguage":"en-US","potentialAction":[{"@type":"ReadAction","target":["https:\/\/centroagoraformacion.com\/en\/el-centro\/"]}]},{"@type":"BreadcrumbList","@id":"https:\/\/centroagoraformacion.com\/en\/el-centro\/#breadcrumb","itemListElement":[{"@type":"ListItem","position":1,"name":"Portada","item":"https:\/\/centroagoraformacion.com\/en\/inicio\/"},{"@type":"ListItem","position":2,"name":"El Centro"}]},{"@type":"WebSite","@id":"https:\/\/centroagoraformacion.com\/#website","url":"https:\/\/centroagoraformacion.com\/","name":"\u00c1GORA FORMACI\u00d3N","description":"","publisher":{"@id":"https:\/\/centroagoraformacion.com\/#organization"},"potentialAction":[{"@type":"SearchAction","target":{"@type":"EntryPoint","urlTemplate":"https:\/\/centroagoraformacion.com\/?s={search_term_string}"},"query-input":"required name=search_term_string"}],"inLanguage":"en-US"},{"@type":"Organization","@id":"https:\/\/centroagoraformacion.com\/#organization","name":"\u00c1GORA FORMACI\u00d3N","url":"https:\/\/centroagoraformacion.com\/","logo":{"@type":"ImageObject","inLanguage":"en-US","@id":"https:\/\/centroagoraformacion.com\/#\/schema\/logo\/image\/","url":"https:\/\/centroagoraformacion.com\/wp-content\/uploads\/2023\/09\/logo.png","contentUrl":"https:\/\/centroagoraformacion.com\/wp-content\/uploads\/2023\/09\/logo.png","width":209,"height":73,"caption":"\u00c1GORA FORMACI\u00d3N"},"image":{"@id":"https:\/\/centroagoraformacion.com\/#\/schema\/logo\/image\/"}}]}},"_links":{"self":[{"href":"https:\/\/centroagoraformacion.com\/en\/wp-json\/wp\/v2\/pages\/877","targetHints":{"allow":["GET"]}}],"collection":[{"href":"https:\/\/centroagoraformacion.com\/en\/wp-json\/wp\/v2\/pages"}],"about":[{"href":"https:\/\/centroagoraformacion.com\/en\/wp-json\/wp\/v2\/types\/page"}],"author":[{"embeddable":true,"href":"https:\/\/centroagoraformacion.com\/en\/wp-json\/wp\/v2\/users\/1"}],"replies":[{"embeddable":true,"href":"https:\/\/centroagoraformacion.com\/en\/wp-json\/wp\/v2\/comments?post=877"}],"version-history":[{"count":1,"href":"https:\/\/centroagoraformacion.com\/en\/wp-json\/wp\/v2\/pages\/877\/revisions"}],"predecessor-version":[{"id":878,"href":"https:\/\/centroagoraformacion.com\/en\/wp-json\/wp\/v2\/pages\/877\/revisions\/878"}],"wp:attachment":[{"href":"https:\/\/centroagoraformacion.com\/en\/wp-json\/wp\/v2\/media?parent=877"}],"curies":[{"name":"wp","href":"https:\/\/api.w.org\/{rel}","templated":true}]}}